{"id":1166,"date":"2020-11-18T08:24:44","date_gmt":"2020-11-18T08:24:44","guid":{"rendered":"https:\/\/asesoriaurrutia.com\/?page_id=1166"},"modified":"2020-11-23T10:33:03","modified_gmt":"2020-11-23T10:33:03","slug":"fiscal","status":"publish","type":"page","link":"https:\/\/asesoriaurrutia.com\/es\/servicios\/fiscal\/","title":{"rendered":"Fiscal"},"content":{"rendered":"<p>[et_pb_section fb_built=\u00bb1&#8243; fullwidth=\u00bbon\u00bb admin_label=\u00bbHeader Section\u00bb _builder_version=\u00bb4.6.6&#8243; background_enable_color=\u00bboff\u00bb use_background_color_gradient=\u00bbon\u00bb background_color_gradient_start=\u00bbrgba(62,93,142,0.45)\u00bb background_color_gradient_end=\u00bbrgba(62,93,142,0.19)\u00bb background_color_gradient_overlays_image=\u00bbon\u00bb background_image=\u00bbhttps:\/\/asesoriaurrutia.com\/wp-content\/uploads\/2020\/11\/Cabecero_servicios.jpg\u00bb custom_padding=\u00bb|||\u00bb locked=\u00bboff\u00bb][et_pb_fullwidth_header title=\u00bbFiscal\u00bb text_orientation=\u00bbcenter\u00bb background_overlay_color=\u00bbrgba(0,0,0,0.4)\u00bb content_max_width_last_edited=\u00bboff|desktop\u00bb admin_label=\u00bbContents\u00bb _builder_version=\u00bb4.6.6&#8243; title_font=\u00bbOswald|||on|\u00bb title_text_align=\u00bbcenter\u00bb title_font_size=\u00bb80px\u00bb title_letter_spacing=\u00bb0.05em\u00bb title_line_height=\u00bb1.5em\u00bb subhead_font=\u00bbNunito|600|||||||\u00bb subhead_font_size=\u00bb20px\u00bb subhead_line_height=\u00bb1.9em\u00bb background_color=\u00bbrgba(255,255,255,0)\u00bb background_enable_image=\u00bboff\u00bb parallax=\u00bbon\u00bb parallax_method=\u00bbon\u00bb custom_button_one=\u00bbon\u00bb button_one_text_size=\u00bb15px\u00bb button_one_bg_color=\u00bb#dca57d\u00bb button_one_border_width=\u00bb10px\u00bb button_one_border_color=\u00bb#dca57d\u00bb button_one_border_radius=\u00bb0px\u00bb button_one_letter_spacing=\u00bb3px\u00bb button_one_font=\u00bbOswald|||on|\u00bb button_one_use_icon=\u00bboff\u00bb custom_margin=\u00bb|||\u00bb custom_padding=\u00bb5%||5%|\u00bb animation_style=\u00bbfade\u00bb animation_starting_opacity=\u00bb50%\u00bb animation_speed_curve=\u00bbease-in\u00bb title_font_size_tablet=\u00bb60px\u00bb title_font_size_phone=\u00bb40px\u00bb title_font_size_last_edited=\u00bbon|phone\u00bb button_one_border_color_hover=\u00bb#c99872&#8243; button_one_border_radius_hover=\u00bb0px\u00bb button_one_letter_spacing_hover=\u00bb3px\u00bb button_one_bg_color_hover=\u00bb#c99872&#8243; button_one_text_size__hover_enabled=\u00bboff\u00bb button_two_text_size__hover_enabled=\u00bboff\u00bb button_one_text_color__hover_enabled=\u00bboff\u00bb button_two_text_color__hover_enabled=\u00bboff\u00bb button_one_border_width__hover_enabled=\u00bboff\u00bb button_two_border_width__hover_enabled=\u00bboff\u00bb button_one_border_color__hover_enabled=\u00bbon\u00bb button_one_border_color__hover=\u00bb#c99872&#8243; button_two_border_color__hover_enabled=\u00bboff\u00bb button_one_border_radius__hover_enabled=\u00bbon\u00bb button_one_border_radius__hover=\u00bb0px\u00bb button_two_border_radius__hover_enabled=\u00bboff\u00bb button_one_letter_spacing__hover_enabled=\u00bbon\u00bb button_one_letter_spacing__hover=\u00bb3px\u00bb button_two_letter_spacing__hover_enabled=\u00bboff\u00bb button_one_bg_color__hover_enabled=\u00bbon\u00bb button_one_bg_color__hover=\u00bb#c99872&#8243; button_two_bg_color__hover_enabled=\u00bboff\u00bb][\/et_pb_fullwidth_header][\/et_pb_section][et_pb_section fb_built=\u00bb1&#8243; admin_label=\u00bbFeatures\u00bb _builder_version=\u00bb4.6.6&#8243; custom_padding=\u00bb60px|0px|60px|0px|false|false\u00bb][et_pb_row admin_label=\u00bbSection Header\u00bb _builder_version=\u00bb4.6.6&#8243; module_alignment=\u00bbcenter\u00bb custom_padding=\u00bb30px||40px||false|false\u00bb][et_pb_column type=\u00bb4_4&#8243; _builder_version=\u00bb3.25&#8243; custom_padding=\u00bb|||\u00bb custom_padding__hover=\u00bb|||\u00bb][et_pb_text admin_label=\u00bbTittle\u00bb _builder_version=\u00bb4.6.6&#8243; text_font=\u00bb||||||||\u00bb header_font=\u00bb||||||||\u00bb header_text_color=\u00bb#ffffff\u00bb header_2_font=\u00bbOswald|||on|||||\u00bb header_2_text_align=\u00bbcenter\u00bb header_2_text_color=\u00bb#000000&#8243; header_2_font_size=\u00bb40px\u00bb header_2_letter_spacing=\u00bb1px\u00bb header_2_line_height=\u00bb1.5em\u00bb max_width=\u00bb600px\u00bb module_alignment=\u00bbcenter\u00bb border_radii=\u00bbon|1px|1px|1px|1px\u00bb border_width_bottom=\u00bb1px\u00bb]<\/p>\n<h2>Asesoramiento fiscal<\/h2>\n<p>[\/et_pb_text][\/et_pb_column][\/et_pb_row][et_pb_row column_structure=\u00bb3_5,2_5&#8243; admin_label=\u00bbSection Header\u00bb _builder_version=\u00bb3.25&#8243; module_alignment=\u00bbcenter\u00bb custom_padding=\u00bb|||\u00bb][et_pb_column type=\u00bb3_5&#8243; _builder_version=\u00bb3.25&#8243; custom_padding=\u00bb|||\u00bb custom_padding__hover=\u00bb|||\u00bb][et_pb_text disabled_on=\u00bboff|off|off\u00bb admin_label=\u00bbSubtittle\u00bb _builder_version=\u00bb4.6.6&#8243; text_font=\u00bbNunito||||||||\u00bb text_text_color=\u00bb#3f3c3b\u00bb text_font_size=\u00bb18px\u00bb text_line_height=\u00bb1.8em\u00bb header_font=\u00bbOswald||||\u00bb header_font_size=\u00bb16px\u00bb header_letter_spacing=\u00bb2px\u00bb header_line_height=\u00bb1.7em\u00bb max_width=\u00bb600px\u00bb max_width_tablet=\u00bb\u00bb max_width_phone=\u00bb\u00bb max_width_last_edited=\u00bbon|phone\u00bb module_alignment=\u00bbcenter\u00bb custom_margin=\u00bb-30px|||\u00bb custom_padding=\u00bb60px||||false|false\u00bb]<\/p>\n<ul>\n<li>Declaraci\u00f3n Censal<\/li>\n<li>Impuesto de Sociedades<\/li>\n<li>Impuesto sobre Transmisiones Patrimoniales<\/li>\n<li>Impuesto sobre Sucesiones<\/li>\n<li>Impuestos especiales<\/li>\n<li>Impuesto sobre el Valor A\u00f1adido<\/li>\n<li>Pago fraccionado<\/li>\n<li>Declaraci\u00f3n anual de operaciones con terceras personas<\/li>\n<li>Alquileres de locales<\/li>\n<li>Retenciones e ingresos a cuenta<\/li>\n<li>Declaraci\u00f3n de la Renta<\/li>\n<li>Informaci\u00f3n sobre normativa y resoluci\u00f3n de consultas<\/li>\n<li>Tramitaci\u00f3n de requerimientos<\/li>\n<li>Tramitaci\u00f3n de escritos dirigidos a la Administraci\u00f3n Tributaria<\/li>\n<li>Tr\u00e1mite de expedientes de aplazamiento de impuestos<\/li>\n<li>Otros tr\u00e1mites Fiscales<\/li>\n<\/ul>\n<p>[\/et_pb_text][\/et_pb_column][et_pb_column type=\u00bb2_5&#8243; _builder_version=\u00bb3.25&#8243; custom_padding=\u00bb|||\u00bb custom_padding__hover=\u00bb|||\u00bb][et_pb_image src=\u00bbhttps:\/\/asesoriaurrutia.com\/wp-content\/uploads\/2020\/11\/ENTRADA-2.jpg\u00bb title_text=\u00bbENTRADA 2&#8243; _builder_version=\u00bb4.6.6&#8243; _module_preset=\u00bbdefault\u00bb box_shadow_style=\u00bbpreset2&#8243;][\/et_pb_image][\/et_pb_column][\/et_pb_row][\/et_pb_section][et_pb_section fb_built=\u00bb1&#8243; custom_padding_last_edited=\u00bbon|tablet\u00bb admin_label=\u00bbGallery\u00bb _builder_version=\u00bb4.6.6&#8243; background_color=\u00bb#d7d6d4&#8243; background_color_gradient_direction=\u00bb90deg\u00bb background_enable_image=\u00bboff\u00bb custom_margin=\u00bb||||false|false\u00bb custom_margin_last_edited=\u00bboff|desktop\u00bb custom_padding=\u00bb|100px||100px|false|false\u00bb custom_padding_tablet=\u00bb|0px||0px|false|false\u00bb custom_padding_phone=\u00bb|0px||0px|false|false\u00bb locked=\u00bboff\u00bb][et_pb_row column_structure=\u00bb1_3,1_3,1_3&#8243; use_custom_gutter=\u00bbon\u00bb gutter_width=\u00bb1&#8243; make_equal=\u00bbon\u00bb admin_label=\u00bbBest Beans Row\u00bb module_class=\u00bb et_pb_row_fullwidth\u00bb _builder_version=\u00bb4.6.6&#8243; background_enable_color=\u00bboff\u00bb width=\u00bb100%\u00bb width_tablet=\u00bb100%\u00bb width_phone=\u00bb\u00bb width_last_edited=\u00bbon|desktop\u00bb max_width=\u00bb100%\u00bb max_width_tablet=\u00bb100%\u00bb max_width_phone=\u00bb\u00bb max_width_last_edited=\u00bbon|desktop\u00bb custom_margin=\u00bb|||\u00bb custom_padding=\u00bb0px|0px|0px|0px\u00bb filter_saturate=\u00bb23%\u00bb make_fullwidth=\u00bbon\u00bb][et_pb_column type=\u00bb1_3&#8243; _builder_version=\u00bb4.6.6&#8243; background_enable_image=\u00bboff\u00bb custom_padding=\u00bb|||\u00bb custom_padding__hover=\u00bb|||\u00bb][et_pb_text _builder_version=\u00bb4.6.6&#8243; _module_preset=\u00bbdefault\u00bb header_font=\u00bb||||||||\u00bb header_text_align=\u00bbleft\u00bb header_text_color=\u00bb#003790&#8243; header_font_size=\u00bb50px\u00bb header_letter_spacing=\u00bb1px\u00bb background_image=\u00bbhttps:\/\/asesoriaurrutia.com\/wp-content\/uploads\/2020\/11\/Fiscal_sepia1.jpg\u00bb custom_padding=\u00bb80px|40px|80px|40px|false|false\u00bb link_option_url=\u00bbhttps:\/\/asesoriaurrutia.com\/es\/servicios\/fiscal\/\u00bb border_color_all=\u00bb#ffffff\u00bb border_width_top=\u00bb0px\u00bb border_width_right=\u00bb1px\u00bb border_width_bottom=\u00bb1px\u00bb background__hover_enabled=\u00bbon|hover\u00bb background_image__hover=\u00bbhttps:\/\/asesoriaurrutia.com\/wp-content\/uploads\/2020\/11\/18540348_s.jpg\u00bb background_enable_image__hover=\u00bbon\u00bb title_text__hover=\u00bb18540348_s\u00bb]<\/p>\n<h1><strong>Fiscal<\/strong><\/h1>\n<p>[\/et_pb_text][et_pb_text _builder_version=\u00bb4.6.6&#8243; _module_preset=\u00bbdefault\u00bb header_font=\u00bb||||||||\u00bb header_text_align=\u00bbleft\u00bb header_text_color=\u00bb#003790&#8243; header_font_size=\u00bb50px\u00bb background_image=\u00bbhttps:\/\/asesoriaurrutia.com\/wp-content\/uploads\/2020\/11\/juridico_mercantil_sepia.jpg\u00bb custom_padding=\u00bb80px|40px|80px|40px|false|false\u00bb link_option_url=\u00bbhttps:\/\/asesoriaurrutia.com\/es\/servicios\/juridico-mercantil\/\u00bb border_color_all=\u00bb#ffffff\u00bb border_width_right=\u00bb1px\u00bb background__hover_enabled=\u00bbon|hover\u00bb background_image__hover=\u00bbhttps:\/\/asesoriaurrutia.com\/wp-content\/uploads\/2020\/11\/juridico_mercantil_color.jpg\u00bb background_enable_image__hover=\u00bbon\u00bb title_text__hover=\u00bbBusiness man signing the contract to finalize a deal\u00bb]<\/p>\n<h1><strong>Jur\u00eddico mercantil<br \/><\/strong><\/h1>\n<p>[\/et_pb_text][\/et_pb_column][et_pb_column type=\u00bb1_3&#8243; _builder_version=\u00bb4.6.6&#8243; background_enable_image=\u00bboff\u00bb custom_padding=\u00bb|||\u00bb custom_padding__hover=\u00bb|||\u00bb][et_pb_text _builder_version=\u00bb4.6.6&#8243; _module_preset=\u00bbdefault\u00bb header_font=\u00bb|600|||||||\u00bb header_text_color=\u00bb#003790&#8243; header_font_size=\u00bb50px\u00bb background_image=\u00bbhttps:\/\/asesoriaurrutia.com\/wp-content\/uploads\/2020\/11\/Contable_sepia2.jpg\u00bb custom_padding=\u00bb80px|40px|80px|40px|false|false\u00bb link_option_url=\u00bbhttps:\/\/asesoriaurrutia.com\/es\/servicios\/contable\/\u00bb border_radii=\u00bbon|0px|0px|0px|0px\u00bb border_color_all=\u00bb#ffffff\u00bb border_width_right=\u00bb1px\u00bb border_width_bottom=\u00bb1px\u00bb background__hover_enabled=\u00bbon|hover\u00bb background_image__hover=\u00bbhttps:\/\/asesoriaurrutia.com\/wp-content\/uploads\/2020\/11\/financiero-1.jpg\u00bb background_enable_image__hover=\u00bbon\u00bb title_text__hover=\u00bbbusiness concept &#8211; businesswoman working with calculator in office\u00bb]<\/p>\n<h1><strong>Contable<\/strong><\/h1>\n<p>[\/et_pb_text][et_pb_text _builder_version=\u00bb4.6.6&#8243; _module_preset=\u00bbdefault\u00bb header_font=\u00bb|600|||||||\u00bb header_text_align=\u00bbleft\u00bb header_text_color=\u00bb#003790&#8243; header_font_size=\u00bb50px\u00bb header_letter_spacing=\u00bb1px\u00bb background_image=\u00bbhttps:\/\/asesoriaurrutia.com\/wp-content\/uploads\/2020\/11\/Entidades_locales4.jpg\u00bb custom_padding=\u00bb80px|40px|80px|40px|false|false\u00bb link_option_url=\u00bbhttps:\/\/asesoriaurrutia.com\/es\/servicios\/entidades-locales\/\u00bb border_color_all=\u00bb#ffffff\u00bb border_width_right=\u00bb1px\u00bb background__hover_enabled=\u00bbon|hover\u00bb background_image__hover=\u00bbhttps:\/\/asesoriaurrutia.com\/wp-content\/uploads\/2020\/11\/Entidades_locales3.jpg.png\u00bb background_enable_image__hover=\u00bbon\u00bb title_text__hover=\u00bbEntidades_locales3.jpg\u00bb]<\/p>\n<h1><strong>Entidades locales<br \/><\/strong><\/h1>\n<p>[\/et_pb_text][\/et_pb_column][et_pb_column type=\u00bb1_3&#8243; _builder_version=\u00bb4.6.6&#8243; background_enable_image=\u00bboff\u00bb custom_padding=\u00bb|||\u00bb custom_padding__hover=\u00bb|||\u00bb][et_pb_text _builder_version=\u00bb4.6.6&#8243; _module_preset=\u00bbdefault\u00bb header_font=\u00bb|600|||||||\u00bb header_text_align=\u00bbcenter\u00bb header_text_color=\u00bb#003790&#8243; header_font_size=\u00bb50px\u00bb background_image=\u00bbhttps:\/\/asesoriaurrutia.com\/wp-content\/uploads\/2020\/11\/Loboral3.jpg\u00bb custom_padding=\u00bb80px|40px|80px|40px|false|false\u00bb link_option_url=\u00bbhttps:\/\/asesoriaurrutia.com\/es\/servicios\/asesoria-laboral\/\u00bb border_color_all=\u00bb#ffffff\u00bb border_color_top=\u00bb#ce0033&#8243; border_width_bottom=\u00bb1px\u00bb background__hover_enabled=\u00bbon|desktop\u00bb background_enable_image__hover=\u00bbon\u00bb title_text__hover=\u00bbs\u00bb background_image__hover=\u00bbhttps:\/\/asesoriaurrutia.com\/wp-content\/uploads\/2020\/11\/s.jpg\u00bb]<\/p>\n<h1><strong>Laboral<\/strong><\/h1>\n<p>[\/et_pb_text][et_pb_text _builder_version=\u00bb4.6.6&#8243; _module_preset=\u00bbdefault\u00bb header_font=\u00bbOpen Sans|600|||||||\u00bb header_text_align=\u00bbleft\u00bb header_text_color=\u00bb#003790&#8243; header_font_size=\u00bb50px\u00bb background_image=\u00bbhttps:\/\/asesoriaurrutia.com\/wp-content\/uploads\/2020\/11\/otros_servicios1-2.jpg\u00bb custom_padding=\u00bb80px|40px|80px|40px|false|false\u00bb link_option_url=\u00bbhttps:\/\/asesoriaurrutia.com\/es\/servicios\/otros-servicios\/\u00bb border_color_all=\u00bb#ffffff\u00bb background__hover_enabled=\u00bbon|desktop\u00bb background_enable_image__hover=\u00bbon\u00bb title_text__hover=\u00bbotros_servicios3&#8243; background_image__hover=\u00bbhttps:\/\/asesoriaurrutia.com\/wp-content\/uploads\/2020\/11\/otros_servicios3-2.jpg\u00bb]<\/p>\n<h1><strong>Otros servicios<br \/><\/strong><\/h1>\n<p>[\/et_pb_text][\/et_pb_column][\/et_pb_row][\/et_pb_section]<\/p>\n","protected":false},"excerpt":{"rendered":"<p>Asesoramiento fiscal Declaraci\u00f3n Censal Impuesto de Sociedades Impuesto sobre Transmisiones Patrimoniales Impuesto sobre Sucesiones Impuestos especiales Impuesto sobre el Valor A\u00f1adido Pago fraccionado Declaraci\u00f3n anual de operaciones con terceras personas Alquileres de locales Retenciones e ingresos a cuenta Declaraci\u00f3n de la Renta Informaci\u00f3n sobre normativa y resoluci\u00f3n de consultas Tramitaci\u00f3n de requerimientos Tramitaci\u00f3n de escritos [&hellip;]<\/p>\n","protected":false},"author":1,"featured_media":0,"parent":518,"menu_order":0,"comment_status":"closed","ping_status":"closed","template":"","meta":{"_et_pb_use_builder":"on","_et_pb_old_content":"","_et_gb_content_width":"","footnotes":""},"class_list":["post-1166","page","type-page","status-publish","hentry"],"yoast_head":"<!-- This site is optimized with the Yoast SEO plugin v26.4 - https:\/\/yoast.com\/wordpress\/plugins\/seo\/ -->\n<title>Fiscal - Asesoria Urrutia<\/title>\n<meta name=\"robots\" content=\"index, follow, max-snippet:-1, max-image-preview:large, max-video-preview:-1\" \/>\n<link rel=\"canonical\" href=\"https:\/\/asesoriaurrutia.com\/es\/servicios\/fiscal\/\" \/>\n<meta property=\"og:locale\" content=\"es_ES\" \/>\n<meta property=\"og:type\" content=\"article\" \/>\n<meta property=\"og:title\" content=\"Fiscal - Asesoria Urrutia\" \/>\n<meta property=\"og:description\" content=\"Asesoramiento fiscal Declaraci\u00f3n Censal Impuesto de Sociedades Impuesto sobre Transmisiones Patrimoniales Impuesto sobre Sucesiones Impuestos especiales Impuesto sobre el Valor A\u00f1adido Pago fraccionado Declaraci\u00f3n anual de operaciones con terceras personas Alquileres de locales Retenciones e ingresos a cuenta Declaraci\u00f3n de la Renta Informaci\u00f3n sobre normativa y resoluci\u00f3n de consultas Tramitaci\u00f3n de requerimientos Tramitaci\u00f3n de escritos [&hellip;]\" \/>\n<meta property=\"og:url\" content=\"https:\/\/asesoriaurrutia.com\/es\/servicios\/fiscal\/\" \/>\n<meta property=\"og:site_name\" content=\"Asesoria Urrutia\" \/>\n<meta property=\"article:modified_time\" content=\"2020-11-23T10:33:03+00:00\" \/>\n<meta name=\"twitter:card\" content=\"summary_large_image\" \/>\n<meta name=\"twitter:label1\" content=\"Tiempo de lectura\" \/>\n\t<meta name=\"twitter:data1\" content=\"7 minutos\" \/>\n<script type=\"application\/ld+json\" class=\"yoast-schema-graph\">{\"@context\":\"https:\/\/schema.org\",\"@graph\":[{\"@type\":\"WebPage\",\"@id\":\"https:\/\/asesoriaurrutia.com\/es\/servicios\/fiscal\/\",\"url\":\"https:\/\/asesoriaurrutia.com\/es\/servicios\/fiscal\/\",\"name\":\"Fiscal - Asesoria Urrutia\",\"isPartOf\":{\"@id\":\"https:\/\/asesoriaurrutia.com\/es\/#website\"},\"datePublished\":\"2020-11-18T08:24:44+00:00\",\"dateModified\":\"2020-11-23T10:33:03+00:00\",\"breadcrumb\":{\"@id\":\"https:\/\/asesoriaurrutia.com\/es\/servicios\/fiscal\/#breadcrumb\"},\"inLanguage\":\"es\",\"potentialAction\":[{\"@type\":\"ReadAction\",\"target\":[\"https:\/\/asesoriaurrutia.com\/es\/servicios\/fiscal\/\"]}]},{\"@type\":\"BreadcrumbList\",\"@id\":\"https:\/\/asesoriaurrutia.com\/es\/servicios\/fiscal\/#breadcrumb\",\"itemListElement\":[{\"@type\":\"ListItem\",\"position\":1,\"name\":\"Portada\",\"item\":\"https:\/\/asesoriaurrutia.com\/es\/\"},{\"@type\":\"ListItem\",\"position\":2,\"name\":\"Servicios\",\"item\":\"https:\/\/asesoriaurrutia.com\/es\/servicios\/\"},{\"@type\":\"ListItem\",\"position\":3,\"name\":\"Fiscal\"}]},{\"@type\":\"WebSite\",\"@id\":\"https:\/\/asesoriaurrutia.com\/es\/#website\",\"url\":\"https:\/\/asesoriaurrutia.com\/es\/\",\"name\":\"Asesoria Urrutia\",\"description\":\"Asesoria fiscal, contable, laboral, juridico mercanil\",\"potentialAction\":[{\"@type\":\"SearchAction\",\"target\":{\"@type\":\"EntryPoint\",\"urlTemplate\":\"https:\/\/asesoriaurrutia.com\/es\/?s={search_term_string}\"},\"query-input\":{\"@type\":\"PropertyValueSpecification\",\"valueRequired\":true,\"valueName\":\"search_term_string\"}}],\"inLanguage\":\"es\"}]}<\/script>\n<!-- \/ Yoast SEO plugin. -->","yoast_head_json":{"title":"Fiscal - Asesoria Urrutia","robots":{"index":"index","follow":"follow","max-snippet":"max-snippet:-1","max-image-preview":"max-image-preview:large","max-video-preview":"max-video-preview:-1"},"canonical":"https:\/\/asesoriaurrutia.com\/es\/servicios\/fiscal\/","og_locale":"es_ES","og_type":"article","og_title":"Fiscal - Asesoria Urrutia","og_description":"Asesoramiento fiscal Declaraci\u00f3n Censal Impuesto de Sociedades Impuesto sobre Transmisiones Patrimoniales Impuesto sobre Sucesiones Impuestos especiales Impuesto sobre el Valor A\u00f1adido Pago fraccionado Declaraci\u00f3n anual de operaciones con terceras personas Alquileres de locales Retenciones e ingresos a cuenta Declaraci\u00f3n de la Renta Informaci\u00f3n sobre normativa y resoluci\u00f3n de consultas Tramitaci\u00f3n de requerimientos Tramitaci\u00f3n de escritos [&hellip;]","og_url":"https:\/\/asesoriaurrutia.com\/es\/servicios\/fiscal\/","og_site_name":"Asesoria Urrutia","article_modified_time":"2020-11-23T10:33:03+00:00","twitter_card":"summary_large_image","twitter_misc":{"Tiempo de lectura":"7 minutos"},"schema":{"@context":"https:\/\/schema.org","@graph":[{"@type":"WebPage","@id":"https:\/\/asesoriaurrutia.com\/es\/servicios\/fiscal\/","url":"https:\/\/asesoriaurrutia.com\/es\/servicios\/fiscal\/","name":"Fiscal - Asesoria Urrutia","isPartOf":{"@id":"https:\/\/asesoriaurrutia.com\/es\/#website"},"datePublished":"2020-11-18T08:24:44+00:00","dateModified":"2020-11-23T10:33:03+00:00","breadcrumb":{"@id":"https:\/\/asesoriaurrutia.com\/es\/servicios\/fiscal\/#breadcrumb"},"inLanguage":"es","potentialAction":[{"@type":"ReadAction","target":["https:\/\/asesoriaurrutia.com\/es\/servicios\/fiscal\/"]}]},{"@type":"BreadcrumbList","@id":"https:\/\/asesoriaurrutia.com\/es\/servicios\/fiscal\/#breadcrumb","itemListElement":[{"@type":"ListItem","position":1,"name":"Portada","item":"https:\/\/asesoriaurrutia.com\/es\/"},{"@type":"ListItem","position":2,"name":"Servicios","item":"https:\/\/asesoriaurrutia.com\/es\/servicios\/"},{"@type":"ListItem","position":3,"name":"Fiscal"}]},{"@type":"WebSite","@id":"https:\/\/asesoriaurrutia.com\/es\/#website","url":"https:\/\/asesoriaurrutia.com\/es\/","name":"Asesoria Urrutia","description":"Asesoria fiscal, contable, laboral, juridico mercanil","potentialAction":[{"@type":"SearchAction","target":{"@type":"EntryPoint","urlTemplate":"https:\/\/asesoriaurrutia.com\/es\/?s={search_term_string}"},"query-input":{"@type":"PropertyValueSpecification","valueRequired":true,"valueName":"search_term_string"}}],"inLanguage":"es"}]}},"_links":{"self":[{"href":"https:\/\/asesoriaurrutia.com\/es\/wp-json\/wp\/v2\/pages\/1166","targetHints":{"allow":["GET"]}}],"collection":[{"href":"https:\/\/asesoriaurrutia.com\/es\/wp-json\/wp\/v2\/pages"}],"about":[{"href":"https:\/\/asesoriaurrutia.com\/es\/wp-json\/wp\/v2\/types\/page"}],"author":[{"embeddable":true,"href":"https:\/\/asesoriaurrutia.com\/es\/wp-json\/wp\/v2\/users\/1"}],"replies":[{"embeddable":true,"href":"https:\/\/asesoriaurrutia.com\/es\/wp-json\/wp\/v2\/comments?post=1166"}],"version-history":[{"count":24,"href":"https:\/\/asesoriaurrutia.com\/es\/wp-json\/wp\/v2\/pages\/1166\/revisions"}],"predecessor-version":[{"id":1814,"href":"https:\/\/asesoriaurrutia.com\/es\/wp-json\/wp\/v2\/pages\/1166\/revisions\/1814"}],"up":[{"embeddable":true,"href":"https:\/\/asesoriaurrutia.com\/es\/wp-json\/wp\/v2\/pages\/518"}],"wp:attachment":[{"href":"https:\/\/asesoriaurrutia.com\/es\/wp-json\/wp\/v2\/media?parent=1166"}],"curies":[{"name":"wp","href":"https:\/\/api.w.org\/{rel}","templated":true}]}}